{"id":2433,"date":"2025-07-22T15:08:37","date_gmt":"2025-07-22T15:08:37","guid":{"rendered":"https:\/\/ar.institutsounnah.com\/?page_id=2433"},"modified":"2026-04-28T16:56:07","modified_gmt":"2026-04-28T16:56:07","slug":"%d8%a7%d9%84%d9%84%d8%ba%d8%a9-%d8%a7%d9%84%d8%b9%d8%b1%d8%a8%d9%8a%d8%a9-%d8%ae%d8%a7%d8%b5-%d8%a8%d8%a7%d9%84%d9%86%d8%b3%d8%a7%d8%a1-2025-2026","status":"publish","type":"page","link":"https:\/\/ar.institutsounnah.com\/?page_id=2433","title":{"rendered":"\u0627\u0644\u0644\u063a\u0629 \u0627\u0644\u0639\u0631\u0628\u064a\u0629 &#8211; \u062e\u0627\u0635 \u0628\u0627\u0644\u0646\u0633\u0627\u0621 &#8211; 2025-2026"},"content":{"rendered":"<h1><span style=\"font-size: 21pt; font-family: 'Traditional Arabic'; color:#;\" lang=\"AR-SA\"><strong>     \u062a\u0633\u062c\u064a\u0644\u0627\u062a \u0627\u0644\u062f\u0648\u0631\u0627\u062a \u0639\u0628\u0631 \u0627\u0644\u0625\u0646\u062a\u0631\u0646\u062a<br \/>\n    <\/strong><\/span> <\/h1>\n<h1><span style=\"font-size: 28pt; font-family: 'Traditional Arabic'; color:#;\" lang=\"AR-SA\"><strong><br \/>\n    \u062a\u0639\u0644\u064a\u0645 \u062e\u0627\u0635 \u0628\u0627\u0644\u0646\u0633\u0627\u0621<br \/>\n<\/strong><\/span><br \/>\n    <\/h1>\n<h1>\n<div class=\"uk-background-secondary uk-light uk-padding uk-panel\">\n    <span class=\"uk-text-lead\"><span style=\"font-size: 28pt; font-family: 'Traditional Arabic'; color:#ffffff;\" lang=\"AR-SA\"><b>\u0627\u0644\u0644\u063a\u0629 \u0627\u0644\u0639\u0631\u0628\u064a\u0629 <br \/> (\u062d\u0633\u0628 \u0627\u0644\u0645\u0633\u062a\u0648\u0649)<\/b><\/span><\/span>\n         <\/div>\n<\/h1>\n<div>\n<div class=\"uk-alert-danger\" uk-alert=\"\" style=\"text-align: center;\"><span style=\"color: #; font-size: 12pt;\"><span style=\"font-size: 21pt; font-family: 'Traditional Arabic';\" lang=\"AR-SA\"><strong> \u062a\u064f\u0642\u062f\u0651\u0645 \u062c\u0645\u064a\u0639 \u0627\u0644\u062f\u0631\u0648\u0633 \u0627\u0644\u0634\u0631\u0639\u064a\u0629 \u0645\u0646 \u0642\u0650\u0628\u064e\u0644 \u0623\u0633\u062a\u0627\u0630 \u0631\u062c\u0644 <\/strong><\/span><\/span><\/div>\n<\/div>\n<div>\n<div class=\"uk-alert-danger\" uk-alert=\"\" style=\"text-align: center;\"><span style=\"color: #000000; font-size: 12pt;\"><span style=\"font-size: 17pt; font-family: 'Traditional Arabic'; color: #;\" lang=\"AR-SA\"><strong>\u0648\u0645\u0639 \u0630\u0644\u0643\u060c \u0644\u0627 \u064a\u0648\u062c\u062f \u0623\u064a \u062a\u0641\u0627\u0639\u0644 \u0641\u064a \u0623\u062b\u0646\u0627\u0621 \u0627\u0644\u062f\u0631\u0633 \u0628\u064a\u0646 \u0627\u0644\u0637\u0644\u0627\u0628. \u062a\u064f\u0637\u0631\u062d \u0623\u0633\u0626\u0644\u0629 \u0627\u0644\u0637\u0627\u0644\u0628\u0627\u062a \u0643\u062a\u0627\u0628\u064a\u064b\u0627 \u0648\u0644\u064a\u0633 \u0634\u0641\u0648\u064a\u064b\u0627. \u0645\u062c\u0645\u0648\u0639\u0627\u062a \u0639\u0645\u0644 \u0627\u0644\u062a\u0644\u064a\u062c\u0631\u0627\u0645 \u0645\u0646\u0641\u0635\u0644\u0629\u060c \u062a\u064f\u0631\u0627\u0639\u0649 \u062c\u0645\u064a\u0639 \u0622\u062f\u0627\u0628 \u0627\u0644\u0634\u0631\u064a\u0639\u0629 \u0627\u0644\u0625\u0633\u0644\u0627\u0645\u064a\u0629. <\/strong><\/span><\/span><strong style=\"font-family: 'Traditional Arabic'; font-size: 17pt; color: #000000;\">\u0627\u0644\u062d\u0645\u062f \u0644\u0644\u0647\u060c \u0646\u062a\u0628\u0639 \u0647\u0630\u0647 \u0627\u0644\u0645\u0646\u0647\u062c\u064a\u0629 \u0645\u0646\u0630 \u0633\u0646\u0648\u0627\u062a \u0639\u062f\u064a\u062f\u0629 \u062f\u0648\u0646 \u062a\u0633\u062c\u064a\u0644 \u0623\u064a \u062d\u0627\u062f\u062b.<\/strong><\/div>\n<\/div>\n<h1><a href=\"https:\/\/www.institutsounnah.com\/niveau-04-cours-darabe\/\"><\/p>\n<h1 class=\"uk-background-primary uk-light uk-padding uk-panel\" style=\"text-align: center;\"><span class=\"uk-h1 uk-text-secondary\"><a href=\"https:\/\/ar.institutsounnah.com\/?page_id=2200\" target=\"_blank\" rel=\"noopener\"> \u0627\u0644\u0645\u0633\u062a\u0648\u0649 \u0627\u0644\u0631\u0627\u0628\u0639<\/a><\/span><\/h1>\n<p><\/a><\/h1>\n<div>\n<div class=\"uk-child-width-expand@s uk-text-center\" uk-grid=\"\">\n<div>\n<div class=\"uk-card uk-card-default uk-card-body\">\n<p class=\"uk-heading-divider text-lead\"><b>18H &#8211; 21H30<\/b><br \/><span style=\"font-size: 21pt; font-family: 'Traditional Arabic'; color:#;\" lang=\"AR-SA\"> \u0627\u0644\u062e\u0645\u064a\u0633 <\/span><br \/><span class=\"uk-text-lead\"><span style=\"font-size: 21pt; font-family: 'Traditional Arabic'; color:#;\" lang=\"AR-SA\"><b>\u0627\u0644\u0644\u063a\u0629 \u0627\u0644\u0639\u0631\u0628\u064a\u0629<\/b><\/span><\/span><\/p>\n<p>        <span class=\"uk-label uk-label-danger\"><span style=\"font-size: 17pt; font-family: 'Traditional Arabic'; color:#;\" lang=\"AR-SA\"><b>\u0627\u0644\u0639\u0644\u0648\u0645 \u0627\u0644\u0634\u0631\u0639\u064a\u0629<\/b><\/span> <br \/><span style=\"font-size: 17pt; font-family: 'Traditional Arabic'; color:#;\" lang=\"AR-SA\"><b> \u0627\u0644\u0633\u0628\u062a <\/b><\/span><br \/>13h &#8211; 14h30<\/span><\/p>\n<p class=\"uk-h4 uk-text-danger\"><span style=\"font-size: 21pt; font-family: 'Traditional Arabic'; color:#;\" lang=\"AR-SA\">  \u0627\u0644\u0645\u0633\u062a\u0648\u0649 4 <\/span><\/p>\n<p>        <a class=\"uk-button uk-button-primary uk-button-small\" href=\"https:\/\/ar.institutsounnah.com\/?page_id=2705\" uk-toggle uk-tooltip=\"S'inscrire \u00e0 ce cours\">430\u20ac <\/a><\/div>\n<\/div>\n<\/div>\n<\/div>\n<div>\n<div class=\"uk-child-width-expand@s uk-text-center\" uk-grid=\"\">\n<div>\n<div class=\"uk-card uk-card-default uk-card-body\">\n<p class=\"uk-heading-divider text-lead\"><b>8H30 &#8211; 12H<\/b><br \/><span style=\"font-size: 21pt; font-family: 'Traditional Arabic'; color:#;\" lang=\"AR-SA\">\u0627\u0644\u0633\u0628\u062a<\/span><br \/><span class=\"uk-text-lead\"><span style=\"font-size: 21pt; font-family: 'Traditional Arabic'; color:#;\" lang=\"AR-SA\"><b>\u0627\u0644\u0644\u063a\u0629 \u0627\u0644\u0639\u0631\u0628\u064a\u0629<\/b><\/span><\/span><\/p>\n<p>        <span class=\"uk-label uk-label-danger\"><span style=\"font-size: 17pt; font-family: 'Traditional Arabic'; color:#;\" lang=\"AR-SA\"><b>\u0627\u0644\u0639\u0644\u0648\u0645 \u0627\u0644\u0634\u0631\u0639\u064a\u0629<\/b><\/span> <br \/><span style=\"font-size: 17pt; font-family: 'Traditional Arabic'; color:#;\" lang=\"AR-SA\"><b> \u0627\u0644\u0633\u0628\u062a <\/b><\/span><br \/>13h &#8211; 14h30<\/span><\/p>\n<p class=\"uk-h4 uk-text-danger\"><span style=\"font-size: 21pt; font-family: 'Traditional Arabic'; color:#;\" lang=\"AR-SA\">  \u0627\u0644\u0645\u0633\u062a\u0648\u0649 4<\/span><\/p>\n<p>        <a class=\"uk-button uk-button-primary uk-button-small\" href=\"https:\/\/ar.institutsounnah.com\/?page_id=2715\" uk-toggle uk-tooltip=\"S'inscrire \u00e0 ce cours\">430\u20ac <\/a><\/div>\n<\/div>\n<\/div>\n<\/div>\n<h1><a href=\"https:\/\/www.institutsounnah.com\/niveau-05-cours-darabe\/\"><\/p>\n<h1 class=\"uk-background-primary uk-light uk-padding uk-panel\" style=\"text-align: center;\"><span class=\"uk-h1 uk-text-secondary\"><a href=\"https:\/\/ar.institutsounnah.com\/?page_id=2200\" target=\"_blank\" rel=\"noopener\"> \u0627\u0644\u0645\u0633\u062a\u0648\u0649 \u0627\u0644\u062e\u0627\u0645\u0633<\/a><\/span><\/h1>\n<p><\/a><\/h1>\n<div>\n<div class=\"uk-child-width-expand@s uk-text-center\" uk-grid=\"\">\n<div>\n<div class=\"uk-card uk-card-default uk-card-body\">\n<p class=\"uk-heading-divider text-lead\"><b>18H &#8211; 21H30 <\/b><br \/><span style=\"font-size: 21pt; font-family: 'Traditional Arabic'; color:#;\" lang=\"AR-SA\">\u0627\u0644\u062c\u0645\u0639\u0629 <br \/><span class=\"uk-text-lead\"><span style=\"font-size: 21pt; font-family: 'Traditional Arabic'; color:#;\" lang=\"AR-SA\"><b>\u0627\u0644\u0644\u063a\u0629 \u0627\u0644\u0639\u0631\u0628\u064a\u0629<\/b><\/span><\/span><\/span><\/p>\n<p>  <span class=\"uk-label uk-label-danger\"><br \/>\n<span style=\"font-size: 17pt; font-family: 'Traditional Arabic'; color:#;\" lang=\"AR-SA\"><b>\u0627\u0644\u0639\u0644\u0648\u0645 \u0627\u0644\u0634\u0631\u0639\u064a\u0629<\/b><\/span> <br \/><span style=\"font-size: 17pt; font-family: 'Traditional Arabic'; color:#;\" lang=\"AR-SA\"><b>\u0627\u0644\u0623\u062d\u062f<\/b><\/span><br \/>13h &#8211; 14h30<\/span><\/p>\n<p class=\"uk-h4 uk-text-danger\"><span style=\"font-size: 21pt; font-family: 'Traditional Arabic'; color:#;\" lang=\"AR-SA\">  \u0627\u0644\u0645\u0633\u062a\u0648\u0649 5<\/span><\/p>\n<p>        <a class=\"uk-button uk-button-primary uk-button-small\" href=\"https:\/\/ar.institutsounnah.com\/?page_id=2722\" uk-toggle uk-tooltip=\"S'inscrire \u00e0 ce cours\">430\u20ac <\/a><\/div>\n<\/div>\n<\/div>\n<\/div>\n<p>\n    <a href=\"https:\/\/ar.institutsounnah.com\/?page_id=2455\"><b>< \u0627\u0644\u0635\u0641\u062d\u0629 \u0627\u0644\u0633\u0627\u0628\u0642\u0629 <\/b><\/a>\n<\/p>\n<hr>\n<p><!--more--><br \/>\n<!-- {\"type\":\"layout\",\"children\":[{\"type\":\"section\",\"props\":{\"animation\":\"scale-up\",\"image_position\":\"center-center\",\"style\":\"default\",\"title_breakpoint\":\"xl\",\"title_position\":\"top-left\",\"title_rotation\":\"left\",\"vertical_align\":\"\",\"width\":\"default\"},\"children\":[{\"type\":\"row\",\"children\":[{\"type\":\"column\",\"props\":{\"image_position\":\"center-center\",\"padding\":\"small\",\"position_sticky_breakpoint\":\"m\",\"style\":\"tile-muted\",\"width_medium\":\"1-1\"},\"children\":[{\"type\":\"headline\",\"props\":{\"content\":\"<span style=\\\"font-size: 21pt; font-family: 'Traditional Arabic'; color:#;\\\" lang=\\\"AR-SA\\\"><strong>     \u062a\u0633\u062c\u064a\u0644\u0627\u062a \u0627\u0644\u062f\u0648\u0631\u0627\u062a \u0639\u0628\u0631 \u0627\u0644\u0625\u0646\u062a\u0631\u0646\u062a\\n    <\/strong><\/span> \",\"image_align\":\"left\",\"image_margin\":\"xsmall\",\"text_align\":\"center\",\"title_element\":\"h1\",\"title_font_family\":\"tertiary\",\"title_style\":\"h2\"}},{\"type\":\"headline\",\"props\":{\"content\":\"<span style=\\\"font-size: 28pt; font-family: 'Traditional Arabic'; color:#;\\\" lang=\\\"AR-SA\\\"><strong>  \\n    \u062a\u0639\u0644\u064a\u0645 \u062e\u0627\u0635 \u0628\u0627\u0644\u0646\u0633\u0627\u0621  \\n<\/strong><\/span>\\n    \",\"image_align\":\"left\",\"image_margin\":\"xsmall\",\"margin_bottom\":\"small\",\"margin_top\":\"small\",\"text_align\":\"center\",\"title_color\":\"danger\",\"title_element\":\"h1\",\"title_font_family\":\"primary\",\"title_style\":\"h3\"}}]}],\"props\":{\"width\":\"small\"}}],\"name\":\"Coran Hommes session 2023 - 2024\"},{\"type\":\"section\",\"props\":{\"image_position\":\"center-center\",\"padding_top\":\"none\",\"style\":\"default\",\"title_breakpoint\":\"xl\",\"title_position\":\"top-left\",\"title_rotation\":\"left\",\"vertical_align\":\"\",\"width\":\"small\"},\"children\":[{\"type\":\"row\",\"children\":[{\"type\":\"column\",\"props\":{\"image_position\":\"center-center\",\"position_sticky_breakpoint\":\"m\",\"style\":\"tile-muted\"},\"children\":[{\"type\":\"headline\",\"props\":{\"content\":\"\n\n<div class=\\\"uk-background-secondary uk-light uk-padding uk-panel\\\">\\n    <span class=\\\"uk-text-lead\\\"><span style=\\\"font-size: 28pt; font-family: 'Traditional Arabic'; color:#ffffff;\\\" lang=\\\"AR-SA\\\"><b>\u0627\u0644\u0644\u063a\u0629 \u0627\u0644\u0639\u0631\u0628\u064a\u0629 <br \/> (\u062d\u0633\u0628 \u0627\u0644\u0645\u0633\u062a\u0648\u0649)<\/b><\/span><\/span> \\n         <\/div>\n\n\",\"image_align\":\"left\",\"image_margin\":\"xsmall\",\"text_align\":\"center\",\"title_element\":\"h1\"}},{\"type\":\"text\",\"props\":{\"column_breakpoint\":\"m\",\"content\":\"\n\n<div class=\\\"uk-alert-danger\\\" uk-alert=\\\"\\\" style=\\\"text-align: center;\\\"><span style=\\\"color: #; font-size: 12pt;\\\"><span style=\\\"font-size: 21pt; font-family: 'Traditional Arabic';\\\" lang=\\\"AR-SA\\\"><strong> \u062a\u064f\u0642\u062f\u0651\u0645 \u062c\u0645\u064a\u0639 \u0627\u0644\u062f\u0631\u0648\u0633 \u0627\u0644\u0634\u0631\u0639\u064a\u0629 \u0645\u0646 \u0642\u0650\u0628\u064e\u0644 \u0623\u0633\u062a\u0627\u0630 \u0631\u062c\u0644 <\/strong><\/span><\/span><\/div>\n\n\",\"margin_bottom\":\"default\",\"margin_top\":\"default\"}},{\"type\":\"text\",\"props\":{\"column_breakpoint\":\"m\",\"content\":\"\n\n<div class=\\\"uk-alert-danger\\\" uk-alert=\\\"\\\" style=\\\"text-align: center;\\\"><span style=\\\"color: #000000; font-size: 12pt;\\\"><span style=\\\"font-size: 17pt; font-family: 'Traditional Arabic'; color: #;\\\" lang=\\\"AR-SA\\\"><strong>\u0648\u0645\u0639 \u0630\u0644\u0643\u060c \u0644\u0627 \u064a\u0648\u062c\u062f \u0623\u064a \u062a\u0641\u0627\u0639\u0644 \u0641\u064a \u0623\u062b\u0646\u0627\u0621 \u0627\u0644\u062f\u0631\u0633 \u0628\u064a\u0646 \u0627\u0644\u0637\u0644\u0627\u0628. \u062a\u064f\u0637\u0631\u062d \u0623\u0633\u0626\u0644\u0629 \u0627\u0644\u0637\u0627\u0644\u0628\u0627\u062a \u0643\u062a\u0627\u0628\u064a\u064b\u0627 \u0648\u0644\u064a\u0633 \u0634\u0641\u0648\u064a\u064b\u0627. \u0645\u062c\u0645\u0648\u0639\u0627\u062a \u0639\u0645\u0644 \u0627\u0644\u062a\u0644\u064a\u062c\u0631\u0627\u0645 \u0645\u0646\u0641\u0635\u0644\u0629\u060c \u062a\u064f\u0631\u0627\u0639\u0649 \u062c\u0645\u064a\u0639 \u0622\u062f\u0627\u0628 \u0627\u0644\u0634\u0631\u064a\u0639\u0629 \u0627\u0644\u0625\u0633\u0644\u0627\u0645\u064a\u0629. <\/strong><\/span><\/span><strong style=\\\"font-family: 'Traditional Arabic'; font-size: 17pt; color: #000000;\\\">\u0627\u0644\u062d\u0645\u062f \u0644\u0644\u0647\u060c \u0646\u062a\u0628\u0639 \u0647\u0630\u0647 \u0627\u0644\u0645\u0646\u0647\u062c\u064a\u0629 \u0645\u0646\u0630 \u0633\u0646\u0648\u0627\u062a \u0639\u062f\u064a\u062f\u0629 \u062f\u0648\u0646 \u062a\u0633\u062c\u064a\u0644 \u0623\u064a \u062d\u0627\u062f\u062b.<\/strong><\/div>\n\n\",\"margin_bottom\":\"default\",\"margin_top\":\"default\"}},{\"type\":\"headline\",\"props\":{\"content\":\"\n\n<h1 class=\\\"uk-background-primary uk-light uk-padding uk-panel\\\" style=\\\"text-align: center;\\\"><span class=\\\"uk-h1 uk-text-secondary\\\"><a href=\\\"https:\/\/ar.institutsounnah.com\/?page_id=2200\\\" target=\\\"_blank\\\" rel=\\\"noopener\\\"> \u0627\u0644\u0645\u0633\u062a\u0648\u0649 \u0627\u0644\u0631\u0627\u0628\u0639<\/a><\/span><\/h1>\n\n\",\"image_align\":\"left\",\"image_margin\":\"xsmall\",\"link\":\"https:\/\/www.institutsounnah.com\/niveau-04-cours-darabe\/\",\"link_target\":true,\"text_align\":\"center\",\"title_element\":\"h1\"},\"name\":\"NIVEAU 04\"},{\"type\":\"text\",\"props\":{\"column_breakpoint\":\"m\",\"content\":\"\n\n<div class=\\\"uk-child-width-expand@s uk-text-center\\\" uk-grid=\\\"\\\">\\n    \n\n<div>\\n    \n\n<div class=\\\"uk-card uk-card-default uk-card-body\\\">\\n        \n\n<p class=\\\"uk-heading-divider text-lead\\\"><b>18H - 21H30<\/b><br \/><span style=\\\"font-size: 21pt; font-family: 'Traditional Arabic'; color:#;\\\" lang=\\\"AR-SA\\\"> \u0627\u0644\u062e\u0645\u064a\u0633 <\/span><br \/><span class=\\\"uk-text-lead\\\"><span style=\\\"font-size: 21pt; font-family: 'Traditional Arabic'; color:#;\\\" lang=\\\"AR-SA\\\"><b>\u0627\u0644\u0644\u063a\u0629 \u0627\u0644\u0639\u0631\u0628\u064a\u0629<\/b><\/span><\/span><\/p>\n\n\\n        <span class=\\\"uk-label uk-label-danger\\\"><span style=\\\"font-size: 17pt; font-family: 'Traditional Arabic'; color:#;\\\" lang=\\\"AR-SA\\\"><b>\u0627\u0644\u0639\u0644\u0648\u0645 \u0627\u0644\u0634\u0631\u0639\u064a\u0629<\/b><\/span> <br \/><span style=\\\"font-size: 17pt; font-family: 'Traditional Arabic'; color:#;\\\" lang=\\\"AR-SA\\\"><b> \u0627\u0644\u0633\u0628\u062a <\/b><\/span><br \/>13h - 14h30<\/span>\\n  \n\n<p class=\\\"uk-h4 uk-text-danger\\\"><span style=\\\"font-size: 21pt; font-family: 'Traditional Arabic'; color:#;\\\" lang=\\\"AR-SA\\\">  \u0627\u0644\u0645\u0633\u062a\u0648\u0649 4 <\/span><\/p>\n\n\\n        <a class=\\\"uk-button uk-button-primary uk-button-small\\\" href=\\\"https:\/\/ar.institutsounnah.com\/?page_id=2705\\\" uk-toggle uk-tooltip=\\\"S'inscrire \u00e0 ce cours\\\">430\u20ac <\/a><\/div>\n\n  \\n<\/div>\n\n  \\n<\/div>\n\n\",\"margin_bottom\":\"default\",\"margin_top\":\"default\"},\"name\":\"Jeudi\"},{\"type\":\"text\",\"props\":{\"column_breakpoint\":\"m\",\"content\":\"\n\n<div class=\\\"uk-child-width-expand@s uk-text-center\\\" uk-grid=\\\"\\\">\\n    \n\n<div>\\n    \n\n<div class=\\\"uk-card uk-card-default uk-card-body\\\">\\n        \n\n<p class=\\\"uk-heading-divider text-lead\\\"><b>8H30 - 12H<\/b><br \/><span style=\\\"font-size: 21pt; font-family: 'Traditional Arabic'; color:#;\\\" lang=\\\"AR-SA\\\">\u0627\u0644\u0633\u0628\u062a<\/span><br \/><span class=\\\"uk-text-lead\\\"><span style=\\\"font-size: 21pt; font-family: 'Traditional Arabic'; color:#;\\\" lang=\\\"AR-SA\\\"><b>\u0627\u0644\u0644\u063a\u0629 \u0627\u0644\u0639\u0631\u0628\u064a\u0629<\/b><\/span><\/span><\/p>\n\n\\n        <span class=\\\"uk-label uk-label-danger\\\"><span style=\\\"font-size: 17pt; font-family: 'Traditional Arabic'; color:#;\\\" lang=\\\"AR-SA\\\"><b>\u0627\u0644\u0639\u0644\u0648\u0645 \u0627\u0644\u0634\u0631\u0639\u064a\u0629<\/b><\/span> <br \/><span style=\\\"font-size: 17pt; font-family: 'Traditional Arabic'; color:#;\\\" lang=\\\"AR-SA\\\"><b> \u0627\u0644\u0633\u0628\u062a <\/b><\/span><br \/>13h - 14h30<\/span>\\n  \n\n<p class=\\\"uk-h4 uk-text-danger\\\"><span style=\\\"font-size: 21pt; font-family: 'Traditional Arabic'; color:#;\\\" lang=\\\"AR-SA\\\">  \u0627\u0644\u0645\u0633\u062a\u0648\u0649 4<\/span><\/p>\n\n\\n        <a class=\\\"uk-button uk-button-primary uk-button-small\\\" href=\\\"https:\/\/ar.institutsounnah.com\/?page_id=2715\\\" uk-toggle uk-tooltip=\\\"S'inscrire \u00e0 ce cours\\\">430\u20ac <\/a><\/div>\n\n  \\n<\/div>\n\n  \\n<\/div>\n\n\",\"margin_bottom\":\"default\",\"margin_top\":\"default\"},\"name\":\"Samedi\"},{\"type\":\"headline\",\"props\":{\"content\":\"\n\n<h1 class=\\\"uk-background-primary uk-light uk-padding uk-panel\\\" style=\\\"text-align: center;\\\"><span class=\\\"uk-h1 uk-text-secondary\\\"><a href=\\\"https:\/\/ar.institutsounnah.com\/?page_id=2200\\\" target=\\\"_blank\\\" rel=\\\"noopener\\\"> \u0627\u0644\u0645\u0633\u062a\u0648\u0649 \u0627\u0644\u062e\u0627\u0645\u0633<\/a><\/span><\/h1>\n\n\",\"image_align\":\"left\",\"image_margin\":\"xsmall\",\"link\":\"https:\/\/www.institutsounnah.com\/niveau-05-cours-darabe\/\",\"link_target\":true,\"text_align\":\"center\",\"title_element\":\"h1\"},\"name\":\"NIVEAU 05\"},{\"type\":\"text\",\"props\":{\"column_breakpoint\":\"m\",\"content\":\"\n\n<div class=\\\"uk-child-width-expand@s uk-text-center\\\" uk-grid=\\\"\\\">\\n        \n\n<div>\\n    \n\n<div class=\\\"uk-card uk-card-default uk-card-body\\\">\\n        \n\n<p class=\\\"uk-heading-divider text-lead\\\"><b>18H - 21H30 <\/b><br \/><span style=\\\"font-size: 21pt; font-family: 'Traditional Arabic'; color:#;\\\" lang=\\\"AR-SA\\\">\u0627\u0644\u062c\u0645\u0639\u0629 <br \/><span class=\\\"uk-text-lead\\\"><span style=\\\"font-size: 21pt; font-family: 'Traditional Arabic'; color:#;\\\" lang=\\\"AR-SA\\\"><b>\u0627\u0644\u0644\u063a\u0629 \u0627\u0644\u0639\u0631\u0628\u064a\u0629<\/b><\/span><\/span><\/span><\/p>\n\n\\n  <span class=\\\"uk-label uk-label-danger\\\">\\n<span style=\\\"font-size: 17pt; font-family: 'Traditional Arabic'; color:#;\\\" lang=\\\"AR-SA\\\"><b>\u0627\u0644\u0639\u0644\u0648\u0645 \u0627\u0644\u0634\u0631\u0639\u064a\u0629<\/b><\/span> <br \/><span style=\\\"font-size: 17pt; font-family: 'Traditional Arabic'; color:#;\\\" lang=\\\"AR-SA\\\"><b>\u0627\u0644\u0623\u062d\u062f<\/b><\/span><br \/>13h - 14h30<\/span>\\n  \n\n<p class=\\\"uk-h4 uk-text-danger\\\"><span style=\\\"font-size: 21pt; font-family: 'Traditional Arabic'; color:#;\\\" lang=\\\"AR-SA\\\">  \u0627\u0644\u0645\u0633\u062a\u0648\u0649 5<\/span><\/p>\n\n\\n        <a class=\\\"uk-button uk-button-primary uk-button-small\\\" href=\\\"https:\/\/ar.institutsounnah.com\/?page_id=2722\\\" uk-toggle uk-tooltip=\\\"S'inscrire \u00e0 ce cours\\\">430\u20ac <\/a><\/div>\n\n  \\n<\/div>\n\n  \\n<\/div>\n\n\",\"margin_bottom\":\"default\",\"margin_top\":\"default\"},\"name\":\"Vendredi\"},{\"type\":\"headline\",\"props\":{\"content\":\"\n\n<div class=\\\"uk-background-primary uk-light uk-padding uk-panel\\\"><span class=\\\"uk-h4 uk-text-secondary\\\"><a href=\\\"https:\/\/www.institutsounnah.com\/niveau-06-cours-darabe\/\\\" target=\\\"_blank\\\" rel=\\\"noopener\\\"> Niveau 06 <\/a><\/span><\/div>\n\n\",\"image_align\":\"left\",\"image_margin\":\"xsmall\",\"link\":\"https:\/\/www.institutsounnah.com\/niveau-06-cours-darabe\/\",\"link_target\":true,\"status\":\"disabled\",\"text_align\":\"center\",\"title_element\":\"h1\"},\"name\":\"NIVEAU 06\"},{\"type\":\"text\",\"props\":{\"column_breakpoint\":\"m\",\"content\":\"\n\n<div class=\\\"uk-child-width-expand@s uk-text-center\\\" uk-grid=\\\"\\\">\\n    \n\n<div>\\n    \n\n<div class=\\\"uk-card uk-card-primary uk-card-body\\\"> \\n        \n\n<p class=\\\"uk-heading-divider text-lead\\\"><b>13H30 - 17H00<br \/>DIMANCHE <\/b><br \/><span class=\\\"uk-text-lead\\\"><b>Arabe<\/b><\/span><\/p>\n\n\\n        <span class=\\\"uk-label uk-label-danger\\\"> <small>+ Religion <br \/> Jeudi 14h30 \u00e0 16h30 (\u00e9t\u00e9)<br \/>13h \u00e0 15h (hiver)<\/small><\/span> \\n      \n\n<p class=\\\"uk-h4 uk-text-danger\\\"> Niveau 06 <\/p>\n\n\\n   <a class=\\\"uk-button uk-button-primary uk-button-small\\\" href=\\\"https:\/\/www.institutsounnah.com\/2024-2025-inscription-h-arabe-niv06-dim-13h30-17h00\/\\\" uk-toggle uk-tooltip=\\\"S'inscrire \u00e0 ce cours\\\">430\u20ac <\/a>\\n    <\/div>\n\n     \\n<\/div>\n\n \\n<\/div>\n\n\",\"margin_bottom\":\"default\",\"margin_top\":\"default\",\"status\":\"disabled\"}},{\"type\":\"subnav\",\"props\":{\"show_image\":true,\"subnav_style\":\"tab\"},\"children\":[{\"type\":\"subnav_item\",\"props\":{\"content\":\"<b>< \u0627\u0644\u0635\u0641\u062d\u0629 \u0627\u0644\u0633\u0627\u0628\u0642\u0629 <\/b>\",\"link\":\"https:\/\/ar.institutsounnah.com\/?page_id=2455\"}}]}]}],\"props\":{\"width\":\"small\"}},{\"type\":\"row\",\"children\":[{\"type\":\"column\",\"props\":{\"image_position\":\"center-center\",\"position_sticky_breakpoint\":\"m\"},\"children\":[{\"type\":\"divider\",\"props\":{\"divider_element\":\"hr\"}}]}]}]}],\"version\":\"5.0.29\"} --><\/p>\n","protected":false},"excerpt":{"rendered":"<p>\u062a\u0633\u062c\u064a\u0644\u0627\u062a \u0627\u0644\u062f\u0648\u0631\u0627\u062a \u0639\u0628\u0631 \u0627\u0644\u0625\u0646\u062a\u0631\u0646\u062a \u062a\u0639\u0644\u064a\u0645 \u062e\u0627\u0635 \u0628\u0627\u0644\u0646\u0633\u0627\u0621 \u0627\u0644\u0644\u063a\u0629 \u0627\u0644\u0639\u0631\u0628\u064a\u0629 (\u062d\u0633\u0628 \u0627\u0644\u0645\u0633\u062a\u0648\u0649) \u062a\u064f\u0642\u062f\u0651\u0645 \u062c\u0645\u064a\u0639 \u0627\u0644\u062f\u0631\u0648\u0633 \u0627\u0644\u0634\u0631\u0639\u064a\u0629 \u0645\u0646 \u0642\u0650\u0628\u064e\u0644 \u0623\u0633\u062a\u0627\u0630 \u0631\u062c\u0644 \u0648\u0645\u0639 \u0630\u0644\u0643\u060c \u0644\u0627 \u064a\u0648\u062c\u062f \u0623\u064a \u062a\u0641\u0627\u0639\u0644 \u0641\u064a \u0623\u062b\u0646\u0627\u0621 \u0627\u0644\u062f\u0631\u0633 \u0628\u064a\u0646 \u0627\u0644\u0637\u0644\u0627\u0628. \u062a\u064f\u0637\u0631\u062d \u0623\u0633\u0626\u0644\u0629 \u0627\u0644\u0637\u0627\u0644\u0628\u0627\u062a \u0643\u062a\u0627\u0628\u064a\u064b\u0627 \u0648\u0644\u064a\u0633 \u0634\u0641\u0648\u064a\u064b\u0627. \u0645\u062c\u0645\u0648\u0639\u0627\u062a \u0639\u0645\u0644 \u0627\u0644\u062a\u0644\u064a\u062c\u0631\u0627\u0645 \u0645\u0646\u0641\u0635\u0644\u0629\u060c \u062a\u064f\u0631\u0627\u0639\u0649 \u062c\u0645\u064a\u0639 \u0622\u062f\u0627\u0628 \u0627\u0644\u0634\u0631\u064a\u0639\u0629 \u0627\u0644\u0625\u0633\u0644\u0627\u0645\u064a\u0629. \u0627\u0644\u062d\u0645\u062f \u0644\u0644\u0647\u060c \u0646\u062a\u0628\u0639 \u0647\u0630\u0647 \u0627\u0644\u0645\u0646\u0647\u062c\u064a\u0629 \u0645\u0646\u0630 \u0633\u0646\u0648\u0627\u062a \u0639\u062f\u064a\u062f\u0629 \u062f\u0648\u0646 \u062a\u0633\u062c\u064a\u0644 [&hellip;]<\/p>\n","protected":false},"author":1,"featured_media":0,"parent":0,"menu_order":0,"comment_status":"closed","ping_status":"closed","template":"","meta":{"_acf_changed":false,"footnotes":""},"class_list":["post-2433","page","type-page","status-publish","hentry"],"acf":[],"jetpack_sharing_enabled":true,"_links":{"self":[{"href":"https:\/\/ar.institutsounnah.com\/index.php?rest_route=\/wp\/v2\/pages\/2433","targetHints":{"allow":["GET"]}}],"collection":[{"href":"https:\/\/ar.institutsounnah.com\/index.php?rest_route=\/wp\/v2\/pages"}],"about":[{"href":"https:\/\/ar.institutsounnah.com\/index.php?rest_route=\/wp\/v2\/types\/page"}],"author":[{"embeddable":true,"href":"https:\/\/ar.institutsounnah.com\/index.php?rest_route=\/wp\/v2\/users\/1"}],"replies":[{"embeddable":true,"href":"https:\/\/ar.institutsounnah.com\/index.php?rest_route=%2Fwp%2Fv2%2Fcomments&post=2433"}],"version-history":[{"count":38,"href":"https:\/\/ar.institutsounnah.com\/index.php?rest_route=\/wp\/v2\/pages\/2433\/revisions"}],"predecessor-version":[{"id":2940,"href":"https:\/\/ar.institutsounnah.com\/index.php?rest_route=\/wp\/v2\/pages\/2433\/revisions\/2940"}],"wp:attachment":[{"href":"https:\/\/ar.institutsounnah.com\/index.php?rest_route=%2Fwp%2Fv2%2Fmedia&parent=2433"}],"curies":[{"name":"wp","href":"https:\/\/api.w.org\/{rel}","templated":true}]}}