{"id":2392,"date":"2025-07-22T14:33:51","date_gmt":"2025-07-22T14:33:51","guid":{"rendered":"https:\/\/ar.institutsounnah.com\/?page_id=2392"},"modified":"2026-04-28T16:37:44","modified_gmt":"2026-04-28T16:37:44","slug":"%d8%a7%d9%84%d8%b9%d9%84%d9%88%d9%85-%d8%a7%d9%84%d8%b4%d8%b1%d8%b9%d9%8a%d8%a9-%d9%84%d9%84%d8%b1%d8%ac%d8%a7%d9%84-2025-2026","status":"publish","type":"page","link":"https:\/\/ar.institutsounnah.com\/?page_id=2392","title":{"rendered":"\u0627\u0644\u0639\u0644\u0648\u0645 \u0627\u0644\u0634\u0631\u0639\u064a\u0629 &#8211; \u0644\u0644\u0631\u062c\u0627\u0644 \u0648\u0627\u0644\u0646\u0633\u0627\u0621 &#8211; 2025-2026"},"content":{"rendered":"<h1><span style=\"font-size: 21pt; font-family: 'Traditional Arabic'; color: #;\" lang=\"AR-SA\"><strong> \u062a\u0633\u062c\u064a\u0644\u0627\u062a \u0627\u0644\u062f\u0648\u0631\u0627\u062a \u0639\u0646 \u0628\u0639\u062f<\/strong><\/span><\/h1>\n<h1><span style=\"font-size: 28pt; font-family: 'Traditional Arabic'; color:#;\" lang=\"AR-SA\"><strong><br \/>\n    \u0644\u0644\u0631\u062c\u0627\u0644 \u0648\u0627\u0644\u0646\u0633\u0627\u0621<br \/>\n<\/strong><\/span><br \/>\n    <\/h1>\n<h1>\n<div class=\"uk-background-secondary uk-light uk-padding uk-panel\">\n    <span class=\"uk-text-lead\"><span style=\"font-size: 28pt; font-family: 'Traditional Arabic'; color:#ffffff;\" lang=\"AR-SA\"><b>\u0627\u0644\u0639\u0644\u0648\u0645 \u0627\u0644\u0634\u0631\u0639\u064a\u0629 <br \/> (\u062d\u0633\u0628 \u0627\u0644\u0645\u0633\u062a\u0648\u0649)<\/b><\/span><\/span>\n         <\/div>\n<\/h1>\n<div>\n<div class=\"uk-alert-danger\" uk-alert>\n<span style=\"color: #; font-size: 12pt;\"><span style=\"font-size: 21pt; font-family: 'Traditional Arabic';\" lang=\"AR-SA\"><strong><br \/>\n    \u062a\u064f\u0642\u062f\u0651\u0645 \u062c\u0645\u064a\u0639 \u0627\u0644\u062f\u0631\u0648\u0633 \u0627\u0644\u0634\u0631\u0639\u064a\u0629 \u0645\u0646 \u0642\u0650\u0628\u064e\u0644 \u0623\u0633\u062a\u0627\u0630 \u0631\u062c\u0644<br \/>\n    <\/strong><\/span><\/span><\/div>\n<\/div>\n<div>\n<div class=\"uk-alert-danger\" uk-alert=\"\" style=\"text-align: center;\"><span style=\"color: #000000; font-size: 12pt;\"><span style=\"font-size: 17pt; font-family: 'Traditional Arabic'; color: #;\" lang=\"AR-SA\"><strong>\u0648\u0645\u0639 \u0630\u0644\u0643\u060c \u0644\u0627 \u064a\u0648\u062c\u062f \u0623\u064a \u062a\u0641\u0627\u0639\u0644 \u0641\u064a \u0623\u062b\u0646\u0627\u0621 \u0627\u0644\u062f\u0631\u0633 \u0628\u064a\u0646 \u0627\u0644\u0637\u0644\u0627\u0628. \u062a\u064f\u0637\u0631\u062d \u0623\u0633\u0626\u0644\u0629 \u0627\u0644\u0637\u0627\u0644\u0628\u0627\u062a \u0643\u062a\u0627\u0628\u064a\u064b\u0627 \u0648\u0644\u064a\u0633 \u0634\u0641\u0648\u064a\u064b\u0627. \u0645\u062c\u0645\u0648\u0639\u0627\u062a \u0639\u0645\u0644 \u0627\u0644\u062a\u0644\u064a\u062c\u0631\u0627\u0645 \u0645\u0646\u0641\u0635\u0644\u0629\u060c \u062a\u064f\u0631\u0627\u0639\u0649 \u062c\u0645\u064a\u0639 \u0622\u062f\u0627\u0628 \u0627\u0644\u0634\u0631\u064a\u0639\u0629 \u0627\u0644\u0625\u0633\u0644\u0627\u0645\u064a\u0629. <\/strong><\/span><\/span><strong style=\"font-family: 'Traditional Arabic'; font-size: 17pt; color: #000000;\">\u0627\u0644\u062d\u0645\u062f \u0644\u0644\u0647\u060c \u0646\u062a\u0628\u0639 \u0647\u0630\u0647 \u0627\u0644\u0645\u0646\u0647\u062c\u064a\u0629 \u0645\u0646\u0630 \u0633\u0646\u0648\u0627\u062a \u0639\u062f\u064a\u062f\u0629 \u062f\u0648\u0646 \u062a\u0633\u062c\u064a\u0644 \u0623\u064a \u062d\u0627\u062f\u062b.<\/strong><\/div>\n<\/div>\n<div>\n<h1 class=\"uk-background-primary uk-light uk-padding uk-panel\" style=\"text-align: center;\"><span class=\"uk-h1 uk-text-secondary\"><a href=\"https:\/\/ar.institutsounnah.com\/?page_id=2200\" target=\"_blank\" rel=\"noopener\"> \u0627\u0644\u0645\u0633\u062a\u0648\u0649 \u0627\u0644\u0631\u0627\u0628\u0639<\/a><\/span><\/h1>\n<\/div>\n<div>\n<div class=\"uk-child-width-expand@s uk-text-center\" uk-grid=\"\">\n<div>\n<div class=\"uk-card uk-card-primary uk-card-body\">\n<p class=\"uk-heading-divider text-lead\"><b>13H00 \u2013 14H30<\/b><br \/><span style=\"font-size: 21pt; font-family: 'Traditional Arabic'; color: #;\" lang=\"AR-SA\">\u0627\u0644\u0633\u0628\u062a<\/span><br \/><span class=\"uk-text-lead\"><span style=\"font-size: 21pt; font-family: 'Traditional Arabic'; color: #;\" lang=\"AR-SA\"><b>\u0627\u0644\u0639\u0644\u0648\u0645 \u0627\u0644\u0634\u0631\u0639\u064a\u0629<\/b><\/span><\/span><\/p>\n<p class=\"uk-h4 uk-text-danger\"><span style=\"font-size: 17pt; font-family: 'Traditional Arabic'; color: #;\" lang=\"AR-SA\"><b>\u0627\u0644\u0639\u0642\u064a\u062f\u0629 : \u0643\u062a\u0627\u0628 \u0627\u0644\u062a\u0648\u062d\u064a\u062f <\/b> <br \/>\u0627\u0644\u0641\u0642\u0647: \u0645\u0646\u0647\u062c \u0627\u0644\u0633\u0627\u0644\u0643\u064a\u0646<\/span><\/p>\n<p><a class=\"uk-button uk-button-primary uk-button-small\" href=\"https:\/\/ar.institutsounnah.com\/?page_id=2637\" uk-toggle=\"\" uk-tooltip=\"S'inscrire \u00e0 ce cours\">110\u20ac <\/a><\/div>\n<\/div>\n<\/div>\n<\/div>\n<h2>\n<div class=\"uk-background-primary uk-light uk-padding uk-panel\" style=\"text-align: center;\"><span class=\"uk-h1 uk-text-secondary\"><a href=\"https:\/\/ar.institutsounnah.com\/?page_id=2200\" target=\"_blank\" rel=\"noopener\"> \u0627\u0644\u0645\u0633\u062a\u0648\u0649 \u0627\u0644\u062e\u0627\u0645\u0633<\/a><\/span><\/div>\n<\/h2>\n<div>\n<div class=\"uk-child-width-expand@s uk-text-center\" uk-grid=\"\">\n<div>\n<div class=\"uk-card uk-card-primary uk-card-body\">\n<p class=\"uk-heading-divider text-lead\"><b>13H00 \u2013 14H30<\/b><br \/><span style=\"font-size: 21pt; font-family: 'Traditional Arabic'; color: #;\" lang=\"AR-SA\">\u0627\u0644\u0623\u062d\u062f<\/span><br \/><span class=\"uk-text-lead\"><span style=\"font-size: 21pt; font-family: 'Traditional Arabic'; color: #;\" lang=\"AR-SA\"><b>\u0627\u0644\u0639\u0644\u0648\u0645 \u0627\u0644\u0634\u0631\u0639\u064a\u0629<\/b><\/span><\/span><\/p>\n<p class=\"uk-h4 uk-text-danger\"><span style=\"font-size: 17pt; font-family: 'Traditional Arabic'; color: #;\" lang=\"AR-SA\"><b>\u0627\u0644\u0639\u0642\u064a\u062f\u0629 : \u0643\u062a\u0627\u0628 \u0627\u0644\u062a\u0648\u062d\u064a\u062f <\/b> <br \/>\u0627\u0644\u0641\u0642\u0647: \u0645\u0646\u0647\u062c \u0627\u0644\u0633\u0627\u0644\u0643\u064a\u0646<\/span><\/p>\n<p><a class=\"uk-button uk-button-primary uk-button-small\" href=\"https:\/\/ar.institutsounnah.com\/?page_id=2666\" uk-toggle=\"\" uk-tooltip=\"S'inscrire \u00e0 ce cours\">110\u20ac <\/a><\/div>\n<\/div>\n<\/div>\n<\/div>\n<div>\n<div class=\"uk-background-primary uk-light uk-padding uk-panel\" style=\"text-align: center;\"><span class=\"uk-h1 uk-text-secondary\"><a href=\"https:\/\/ar.institutsounnah.com\/?page_id=2200\" target=\"_blank\" rel=\"noopener\"> \u0627\u0644\u0645\u0633\u062a\u0648\u0649 \u0627\u0644\u0633\u0627\u062f\u0633<\/a><\/span><\/div>\n<\/div>\n<div>\n<div class=\"uk-child-width-expand@s uk-text-center\" uk-grid=\"\">\n<div>\n<div class=\"uk-card uk-card-primary uk-card-body\">\n<p class=\"uk-heading-divider text-lead\"><b>15h00 \u2013 16h30<\/b><br \/><span style=\"font-size: 21pt; font-family: 'Traditional Arabic'; color: #;\" lang=\"AR-SA\">\u0627\u0644\u0633\u0628\u062a<\/span><br \/><span class=\"uk-text-lead\"><span style=\"font-size: 21pt; font-family: 'Traditional Arabic'; color: #;\" lang=\"AR-SA\"><b>\u0627\u0644\u0639\u0644\u0648\u0645 \u0627\u0644\u0634\u0631\u0639\u064a\u0629<\/b><\/span><\/span><\/p>\n<p class=\"uk-h4 uk-text-danger\"><span style=\"font-size: 17pt; font-family: 'Traditional Arabic'; color: #;\" lang=\"AR-SA\"><b>\u0627\u0644\u0639\u0642\u064a\u062f\u0629: \u0627\u0644\u0648\u0627\u0633\u0637\u064a\u0629 <\/b> <br \/>\u0627\u0644\u0641\u0642\u0647: \u0645\u0646\u0647\u062c \u0627\u0644\u0633\u0627\u0644\u0643\u064a\u0646<\/span><\/p>\n<p><a class=\"uk-button uk-button-primary uk-button-small\" href=\"https:\/\/ar.institutsounnah.com\/?page_id=2675\" uk-toggle=\"\" uk-tooltip=\"S'inscrire \u00e0 ce cours\">110\u20ac <\/a><\/div>\n<\/div>\n<\/div>\n<\/div>\n<ul>\n<li>\n        <a href=\"https:\/\/ar.institutsounnah.com\/?page_id=2330\"><b><  (\u062f\u0631\u0648\u0633 \u0627\u0644\u0631\u062c\u0627\u0644)<\/b><\/a>\n    <\/li>\n<li>\n        <a href=\"https:\/\/ar.institutsounnah.com\/?page_id=2455\"><b>  (\u062f\u0631\u0648\u0633 \u0627\u0644\u0646\u0633\u0627\u0621)<\/b> ><\/a>\n    <\/li>\n<\/ul>\n<hr>\n<p><!--more--><br \/>\n<!-- {\"type\":\"layout\",\"children\":[{\"type\":\"section\",\"props\":{\"animation\":\"scale-up\",\"image_position\":\"center-center\",\"style\":\"default\",\"title_breakpoint\":\"xl\",\"title_position\":\"top-left\",\"title_rotation\":\"left\",\"vertical_align\":\"\",\"width\":\"default\"},\"children\":[{\"type\":\"row\",\"children\":[{\"type\":\"column\",\"props\":{\"image_position\":\"center-center\",\"padding\":\"small\",\"position_sticky_breakpoint\":\"m\",\"style\":\"tile-muted\",\"width_medium\":\"1-1\"},\"children\":[{\"type\":\"headline\",\"props\":{\"content\":\"<span style=\\\"font-size: 21pt; font-family: 'Traditional Arabic'; color: #;\\\" lang=\\\"AR-SA\\\"><strong> \u062a\u0633\u062c\u064a\u0644\u0627\u062a \u0627\u0644\u062f\u0648\u0631\u0627\u062a \u0639\u0646 \u0628\u0639\u062f<\/strong><\/span>\",\"image_align\":\"left\",\"image_margin\":\"xsmall\",\"text_align\":\"center\",\"title_element\":\"h1\",\"title_font_family\":\"tertiary\",\"title_style\":\"h2\"}},{\"type\":\"headline\",\"props\":{\"content\":\"<span style=\\\"font-size: 28pt; font-family: 'Traditional Arabic'; color:#;\\\" lang=\\\"AR-SA\\\"><strong>  \\n    \u0644\u0644\u0631\u062c\u0627\u0644 \u0648\u0627\u0644\u0646\u0633\u0627\u0621\\n<\/strong><\/span>\\n    \",\"image_align\":\"left\",\"image_margin\":\"xsmall\",\"margin_bottom\":\"small\",\"margin_top\":\"small\",\"text_align\":\"center\",\"title_color\":\"primary\",\"title_element\":\"h1\",\"title_font_family\":\"primary\",\"title_style\":\"h3\"}}]}],\"props\":{\"width\":\"small\"}}],\"name\":\"Coran Hommes session 2023 - 2024\"},{\"type\":\"section\",\"props\":{\"image_position\":\"center-center\",\"padding_top\":\"none\",\"style\":\"default\",\"title_breakpoint\":\"xl\",\"title_position\":\"top-left\",\"title_rotation\":\"left\",\"vertical_align\":\"\",\"width\":\"small\"},\"children\":[{\"type\":\"row\",\"children\":[{\"type\":\"column\",\"props\":{\"image_position\":\"center-center\",\"position_sticky_breakpoint\":\"m\",\"style\":\"tile-muted\"},\"children\":[{\"type\":\"headline\",\"props\":{\"content\":\"\n\n<div class=\\\"uk-background-secondary uk-light uk-padding uk-panel\\\">\\n    <span class=\\\"uk-text-lead\\\"><span style=\\\"font-size: 28pt; font-family: 'Traditional Arabic'; color:#ffffff;\\\" lang=\\\"AR-SA\\\"><b>\u0627\u0644\u0639\u0644\u0648\u0645 \u0627\u0644\u0634\u0631\u0639\u064a\u0629 <br \/> (\u062d\u0633\u0628 \u0627\u0644\u0645\u0633\u062a\u0648\u0649)<\/b><\/span><\/span> \\n         <\/div>\n\n\",\"image_align\":\"left\",\"image_margin\":\"xsmall\",\"text_align\":\"center\",\"title_element\":\"h1\"}},{\"type\":\"text\",\"props\":{\"column_breakpoint\":\"m\",\"content\":\"\n\n<div class=\\\"uk-alert-danger\\\" uk-alert>\\n<span style=\\\"color: #; font-size: 12pt;\\\"><span style=\\\"font-size: 21pt; font-family: 'Traditional Arabic';\\\" lang=\\\"AR-SA\\\"><strong>\\n    \u062a\u064f\u0642\u062f\u0651\u0645 \u062c\u0645\u064a\u0639 \u0627\u0644\u062f\u0631\u0648\u0633 \u0627\u0644\u0634\u0631\u0639\u064a\u0629 \u0645\u0646 \u0642\u0650\u0628\u064e\u0644 \u0623\u0633\u062a\u0627\u0630 \u0631\u062c\u0644 \\n    <\/strong><\/span><\/span><\/div>\n\n\",\"margin_bottom\":\"default\",\"margin_top\":\"default\",\"text_align\":\"center\",\"text_color\":\"danger\"}},{\"type\":\"text\",\"props\":{\"column_breakpoint\":\"m\",\"content\":\"\n\n<div class=\\\"uk-alert-danger\\\" uk-alert=\\\"\\\" style=\\\"text-align: center;\\\"><span style=\\\"color: #000000; font-size: 12pt;\\\"><span style=\\\"font-size: 17pt; font-family: 'Traditional Arabic'; color: #;\\\" lang=\\\"AR-SA\\\"><strong>\u0648\u0645\u0639 \u0630\u0644\u0643\u060c \u0644\u0627 \u064a\u0648\u062c\u062f \u0623\u064a \u062a\u0641\u0627\u0639\u0644 \u0641\u064a \u0623\u062b\u0646\u0627\u0621 \u0627\u0644\u062f\u0631\u0633 \u0628\u064a\u0646 \u0627\u0644\u0637\u0644\u0627\u0628. \u062a\u064f\u0637\u0631\u062d \u0623\u0633\u0626\u0644\u0629 \u0627\u0644\u0637\u0627\u0644\u0628\u0627\u062a \u0643\u062a\u0627\u0628\u064a\u064b\u0627 \u0648\u0644\u064a\u0633 \u0634\u0641\u0648\u064a\u064b\u0627. \u0645\u062c\u0645\u0648\u0639\u0627\u062a \u0639\u0645\u0644 \u0627\u0644\u062a\u0644\u064a\u062c\u0631\u0627\u0645 \u0645\u0646\u0641\u0635\u0644\u0629\u060c \u062a\u064f\u0631\u0627\u0639\u0649 \u062c\u0645\u064a\u0639 \u0622\u062f\u0627\u0628 \u0627\u0644\u0634\u0631\u064a\u0639\u0629 \u0627\u0644\u0625\u0633\u0644\u0627\u0645\u064a\u0629. <\/strong><\/span><\/span><strong style=\\\"font-family: 'Traditional Arabic'; font-size: 17pt; color: #000000;\\\">\u0627\u0644\u062d\u0645\u062f \u0644\u0644\u0647\u060c \u0646\u062a\u0628\u0639 \u0647\u0630\u0647 \u0627\u0644\u0645\u0646\u0647\u062c\u064a\u0629 \u0645\u0646\u0630 \u0633\u0646\u0648\u0627\u062a \u0639\u062f\u064a\u062f\u0629 \u062f\u0648\u0646 \u062a\u0633\u062c\u064a\u0644 \u0623\u064a \u062d\u0627\u062f\u062b.<\/strong><\/div>\n\n\",\"margin_bottom\":\"default\",\"margin_top\":\"default\",\"text_align\":\"center\",\"text_color\":\"primary\"}},{\"type\":\"text\",\"props\":{\"column_breakpoint\":\"m\",\"content\":\"\n\n<h1 class=\\\"uk-background-primary uk-light uk-padding uk-panel\\\" style=\\\"text-align: center;\\\"><span class=\\\"uk-h1 uk-text-secondary\\\"><a href=\\\"https:\/\/ar.institutsounnah.com\/?page_id=2200\\\" target=\\\"_blank\\\" rel=\\\"noopener\\\"> \u0627\u0644\u0645\u0633\u062a\u0648\u0649 \u0627\u0644\u0631\u0627\u0628\u0639<\/a><\/span><\/h1>\n\n\",\"margin_bottom\":\"default\",\"margin_top\":\"default\"}},{\"type\":\"text\",\"props\":{\"column_breakpoint\":\"m\",\"content\":\"\n\n<div class=\\\"uk-child-width-expand@s uk-text-center\\\" uk-grid=\\\"\\\">\\n\n\n<div>\\n\n\n<div class=\\\"uk-card uk-card-primary uk-card-body\\\">\\n\n\n<p class=\\\"uk-heading-divider text-lead\\\"><b>13H00 \u2013 14H30<\/b><br \/><span style=\\\"font-size: 21pt; font-family: 'Traditional Arabic'; color: #;\\\" lang=\\\"AR-SA\\\">\u0627\u0644\u0633\u0628\u062a<\/span><br \/><span class=\\\"uk-text-lead\\\"><span style=\\\"font-size: 21pt; font-family: 'Traditional Arabic'; color: #;\\\" lang=\\\"AR-SA\\\"><b>\u0627\u0644\u0639\u0644\u0648\u0645 \u0627\u0644\u0634\u0631\u0639\u064a\u0629<\/b><\/span><\/span><\/p>\n\n\\n\n\n<p class=\\\"uk-h4 uk-text-danger\\\"><span style=\\\"font-size: 17pt; font-family: 'Traditional Arabic'; color: #;\\\" lang=\\\"AR-SA\\\"><b>\u0627\u0644\u0639\u0642\u064a\u062f\u0629 : \u0643\u062a\u0627\u0628 \u0627\u0644\u062a\u0648\u062d\u064a\u062f <\/b> <br \/>\u0627\u0644\u0641\u0642\u0647: \u0645\u0646\u0647\u062c \u0627\u0644\u0633\u0627\u0644\u0643\u064a\u0646<\/span><\/p>\n\n\\n<a class=\\\"uk-button uk-button-primary uk-button-small\\\" href=\\\"https:\/\/ar.institutsounnah.com\/?page_id=2637\\\" uk-toggle=\\\"\\\" uk-tooltip=\\\"S'inscrire \u00e0 ce cours\\\">110\u20ac <\/a><\/div>\n\n\\n<\/div>\n\n\\n<\/div>\n\n\",\"margin_bottom\":\"default\",\"margin_top\":\"default\",\"text_color\":\"danger\"},\"name\":\"Samedi\"},{\"type\":\"headline\",\"props\":{\"content\":\"\n\n<div class=\\\"uk-background-primary uk-light uk-padding uk-panel\\\" style=\\\"text-align: center;\\\"><span class=\\\"uk-h1 uk-text-secondary\\\"><a href=\\\"https:\/\/ar.institutsounnah.com\/?page_id=2200\\\" target=\\\"_blank\\\" rel=\\\"noopener\\\"> \u0627\u0644\u0645\u0633\u062a\u0648\u0649 \u0627\u0644\u062e\u0627\u0645\u0633<\/a><\/span><\/div>\n\n\",\"image_align\":\"left\",\"image_margin\":\"xsmall\",\"title_element\":\"h2\",\"title_font_family\":\"primary\"}},{\"type\":\"text\",\"props\":{\"column_breakpoint\":\"m\",\"content\":\"\n\n<div class=\\\"uk-child-width-expand@s uk-text-center\\\" uk-grid=\\\"\\\">\\n\n\n<div>\\n\n\n<div class=\\\"uk-card uk-card-primary uk-card-body\\\">\\n\n\n<p class=\\\"uk-heading-divider text-lead\\\"><b>13H00 \u2013 14H30<\/b><br \/><span style=\\\"font-size: 21pt; font-family: 'Traditional Arabic'; color: #;\\\" lang=\\\"AR-SA\\\">\u0627\u0644\u0623\u062d\u062f<\/span><br \/><span class=\\\"uk-text-lead\\\"><span style=\\\"font-size: 21pt; font-family: 'Traditional Arabic'; color: #;\\\" lang=\\\"AR-SA\\\"><b>\u0627\u0644\u0639\u0644\u0648\u0645 \u0627\u0644\u0634\u0631\u0639\u064a\u0629<\/b><\/span><\/span><\/p>\n\n\\n\n\n<p class=\\\"uk-h4 uk-text-danger\\\"><span style=\\\"font-size: 17pt; font-family: 'Traditional Arabic'; color: #;\\\" lang=\\\"AR-SA\\\"><b>\u0627\u0644\u0639\u0642\u064a\u062f\u0629 : \u0643\u062a\u0627\u0628 \u0627\u0644\u062a\u0648\u062d\u064a\u062f <\/b> <br \/>\u0627\u0644\u0641\u0642\u0647: \u0645\u0646\u0647\u062c \u0627\u0644\u0633\u0627\u0644\u0643\u064a\u0646<\/span><\/p>\n\n\\n<a class=\\\"uk-button uk-button-primary uk-button-small\\\" href=\\\"https:\/\/ar.institutsounnah.com\/?page_id=2666\\\" uk-toggle=\\\"\\\" uk-tooltip=\\\"S'inscrire \u00e0 ce cours\\\">110\u20ac <\/a><\/div>\n\n\\n<\/div>\n\n\\n<\/div>\n\n\",\"margin_bottom\":\"default\",\"margin_top\":\"default\"},\"name\":\"Dimanche\"},{\"type\":\"text\",\"props\":{\"column_breakpoint\":\"m\",\"content\":\"\n\n<div class=\\\"uk-background-primary uk-light uk-padding uk-panel\\\" style=\\\"text-align: center;\\\"><span class=\\\"uk-h1 uk-text-secondary\\\"><a href=\\\"https:\/\/ar.institutsounnah.com\/?page_id=2200\\\" target=\\\"_blank\\\" rel=\\\"noopener\\\"> \u0627\u0644\u0645\u0633\u062a\u0648\u0649 \u0627\u0644\u0633\u0627\u062f\u0633<\/a><\/span><\/div>\n\n\",\"margin_bottom\":\"default\",\"margin_top\":\"default\"}},{\"type\":\"text\",\"props\":{\"column_breakpoint\":\"m\",\"content\":\"\n\n<div class=\\\"uk-child-width-expand@s uk-text-center\\\" uk-grid=\\\"\\\">\\n\n\n<div>\\n\n\n<div class=\\\"uk-card uk-card-primary uk-card-body\\\">\\n\n\n<p class=\\\"uk-heading-divider text-lead\\\"><b>15h00 \u2013 16h30<\/b><br \/><span style=\\\"font-size: 21pt; font-family: 'Traditional Arabic'; color: #;\\\" lang=\\\"AR-SA\\\">\u0627\u0644\u0633\u0628\u062a<\/span><br \/><span class=\\\"uk-text-lead\\\"><span style=\\\"font-size: 21pt; font-family: 'Traditional Arabic'; color: #;\\\" lang=\\\"AR-SA\\\"><b>\u0627\u0644\u0639\u0644\u0648\u0645 \u0627\u0644\u0634\u0631\u0639\u064a\u0629<\/b><\/span><\/span><\/p>\n\n\\n\n\n<p class=\\\"uk-h4 uk-text-danger\\\"><span style=\\\"font-size: 17pt; font-family: 'Traditional Arabic'; color: #;\\\" lang=\\\"AR-SA\\\"><b>\u0627\u0644\u0639\u0642\u064a\u062f\u0629: \u0627\u0644\u0648\u0627\u0633\u0637\u064a\u0629 <\/b> <br \/>\u0627\u0644\u0641\u0642\u0647: \u0645\u0646\u0647\u062c \u0627\u0644\u0633\u0627\u0644\u0643\u064a\u0646<\/span><\/p>\n\n\\n<a class=\\\"uk-button uk-button-primary uk-button-small\\\" href=\\\"https:\/\/ar.institutsounnah.com\/?page_id=2675\\\" uk-toggle=\\\"\\\" uk-tooltip=\\\"S'inscrire \u00e0 ce cours\\\">110\u20ac <\/a><\/div>\n\n\\n<\/div>\n\n\\n<\/div>\n\n\",\"margin_bottom\":\"default\",\"margin_top\":\"default\"},\"name\":\"Samedi\"},{\"type\":\"text\",\"props\":{\"column_breakpoint\":\"m\",\"content\":\"\n\n<div class=\\\"uk-child-width-expand@s uk-text-center\\\" uk-grid=\\\"\\\">\\n    \n\n<div>\\n    \n\n<div class=\\\"uk-card uk-card-primary uk-card-body\\\"> \\n        \n\n<p class=\\\"uk-heading-divider text-lead\\\"><b>13H30 - 17H00<br \/>DIMANCHE <\/b><br \/><span class=\\\"uk-text-lead\\\"><b>Arabe<\/b><\/span><\/p>\n\n\\n        <span class=\\\"uk-label uk-label-danger\\\"> <small>+ Religion <br \/> Jeudi 14h30 \u00e0 16h30 (\u00e9t\u00e9)<br \/>13h \u00e0 15h (hiver)<\/small><\/span> \\n      \n\n<p class=\\\"uk-h4 uk-text-danger\\\"> Niveau 06 <\/p>\n\n\\n   <a class=\\\"uk-button uk-button-primary uk-button-small\\\" href=\\\"https:\/\/www.institutsounnah.com\/2024-2025-inscription-h-arabe-niv06-dim-13h30-17h00\/\\\" uk-toggle uk-tooltip=\\\"S'inscrire \u00e0 ce cours\\\">430\u20ac <\/a>\\n    <\/div>\n\n     \\n<\/div>\n\n \\n<\/div>\n\n\",\"margin_bottom\":\"default\",\"margin_top\":\"default\",\"status\":\"disabled\"}},{\"type\":\"subnav\",\"props\":{\"show_image\":true,\"subnav_style\":\"tab\",\"text_align\":\"center\"},\"children\":[{\"type\":\"subnav_item\",\"props\":{\"active\":true,\"content\":\"<b><  (\u062f\u0631\u0648\u0633 \u0627\u0644\u0631\u062c\u0627\u0644)<\/b>\",\"link\":\"https:\/\/ar.institutsounnah.com\/?page_id=2330\"}},{\"type\":\"subnav_item\",\"props\":{\"active\":true,\"content\":\"<b>  (\u062f\u0631\u0648\u0633 \u0627\u0644\u0646\u0633\u0627\u0621)<\/b> >\",\"link\":\"https:\/\/ar.institutsounnah.com\/?page_id=2455\"}}]}]}],\"props\":{\"width\":\"small\"}},{\"type\":\"row\",\"children\":[{\"type\":\"column\",\"props\":{\"image_position\":\"center-center\",\"position_sticky_breakpoint\":\"m\"},\"children\":[{\"type\":\"divider\",\"props\":{\"divider_element\":\"hr\"}}]}]}]}],\"version\":\"5.0.29\"} --><\/p>\n","protected":false},"excerpt":{"rendered":"<p>\u062a\u0633\u062c\u064a\u0644\u0627\u062a \u0627\u0644\u062f\u0648\u0631\u0627\u062a \u0639\u0646 \u0628\u0639\u062f \u0644\u0644\u0631\u062c\u0627\u0644 \u0648\u0627\u0644\u0646\u0633\u0627\u0621 \u0627\u0644\u0639\u0644\u0648\u0645 \u0627\u0644\u0634\u0631\u0639\u064a\u0629 (\u062d\u0633\u0628 \u0627\u0644\u0645\u0633\u062a\u0648\u0649) \u062a\u064f\u0642\u062f\u0651\u0645 \u062c\u0645\u064a\u0639 \u0627\u0644\u062f\u0631\u0648\u0633 \u0627\u0644\u0634\u0631\u0639\u064a\u0629 \u0645\u0646 \u0642\u0650\u0628\u064e\u0644 \u0623\u0633\u062a\u0627\u0630 \u0631\u062c\u0644 \u0648\u0645\u0639 \u0630\u0644\u0643\u060c \u0644\u0627 \u064a\u0648\u062c\u062f \u0623\u064a \u062a\u0641\u0627\u0639\u0644 \u0641\u064a \u0623\u062b\u0646\u0627\u0621 \u0627\u0644\u062f\u0631\u0633 \u0628\u064a\u0646 \u0627\u0644\u0637\u0644\u0627\u0628. \u062a\u064f\u0637\u0631\u062d \u0623\u0633\u0626\u0644\u0629 \u0627\u0644\u0637\u0627\u0644\u0628\u0627\u062a \u0643\u062a\u0627\u0628\u064a\u064b\u0627 \u0648\u0644\u064a\u0633 \u0634\u0641\u0648\u064a\u064b\u0627. \u0645\u062c\u0645\u0648\u0639\u0627\u062a \u0639\u0645\u0644 \u0627\u0644\u062a\u0644\u064a\u062c\u0631\u0627\u0645 \u0645\u0646\u0641\u0635\u0644\u0629\u060c \u062a\u064f\u0631\u0627\u0639\u0649 \u062c\u0645\u064a\u0639 \u0622\u062f\u0627\u0628 \u0627\u0644\u0634\u0631\u064a\u0639\u0629 \u0627\u0644\u0625\u0633\u0644\u0627\u0645\u064a\u0629. \u0627\u0644\u062d\u0645\u062f \u0644\u0644\u0647\u060c \u0646\u062a\u0628\u0639 \u0647\u0630\u0647 \u0627\u0644\u0645\u0646\u0647\u062c\u064a\u0629 \u0645\u0646\u0630 \u0633\u0646\u0648\u0627\u062a \u0639\u062f\u064a\u062f\u0629 \u062f\u0648\u0646 \u062a\u0633\u062c\u064a\u0644 \u0623\u064a [&hellip;]<\/p>\n","protected":false},"author":1,"featured_media":0,"parent":0,"menu_order":0,"comment_status":"closed","ping_status":"closed","template":"","meta":{"_acf_changed":false,"footnotes":""},"class_list":["post-2392","page","type-page","status-publish","hentry"],"acf":[],"jetpack_sharing_enabled":true,"_links":{"self":[{"href":"https:\/\/ar.institutsounnah.com\/index.php?rest_route=\/wp\/v2\/pages\/2392","targetHints":{"allow":["GET"]}}],"collection":[{"href":"https:\/\/ar.institutsounnah.com\/index.php?rest_route=\/wp\/v2\/pages"}],"about":[{"href":"https:\/\/ar.institutsounnah.com\/index.php?rest_route=\/wp\/v2\/types\/page"}],"author":[{"embeddable":true,"href":"https:\/\/ar.institutsounnah.com\/index.php?rest_route=\/wp\/v2\/users\/1"}],"replies":[{"embeddable":true,"href":"https:\/\/ar.institutsounnah.com\/index.php?rest_route=%2Fwp%2Fv2%2Fcomments&post=2392"}],"version-history":[{"count":73,"href":"https:\/\/ar.institutsounnah.com\/index.php?rest_route=\/wp\/v2\/pages\/2392\/revisions"}],"predecessor-version":[{"id":2935,"href":"https:\/\/ar.institutsounnah.com\/index.php?rest_route=\/wp\/v2\/pages\/2392\/revisions\/2935"}],"wp:attachment":[{"href":"https:\/\/ar.institutsounnah.com\/index.php?rest_route=%2Fwp%2Fv2%2Fmedia&parent=2392"}],"curies":[{"name":"wp","href":"https:\/\/api.w.org\/{rel}","templated":true}]}}